{"id":321,"date":"2017-10-24T16:25:56","date_gmt":"2017-10-24T14:25:56","guid":{"rendered":"https:\/\/www.novaly.fr\/audit-conseil\/"},"modified":"2021-03-02T15:18:18","modified_gmt":"2021-03-02T14:18:18","slug":"audit-rat","status":"publish","type":"page","link":"https:\/\/www.novaly.fr\/de\/audit-rat\/","title":{"rendered":"Kundenspezifische L\u00f6sungen"},"content":{"rendered":"<section class=\"l-section wpb_row height_medium\"><div class=\"l-section-h i-cf\"><div class=\"g-cols vc_row via_grid cols_2-1 laptops-cols_inherit tablets-cols_inherit mobiles-cols_1 valign_top type_default stacking_default\"><div class=\"wpb_column vc_column_container\"><div class=\"vc_column-inner\"><div class=\"wpb_text_column\"><div class=\"wpb_wrapper\"><p style=\"text-align: justify;\"><span style=\"font-weight: 400;\">Unser Team erstellt gerne eine Studie \u00fcber<\/span> <b><span style=\"color: #028cce;\">die Trennung, Sammlung und Aufbereitung Ihrer Produktionsabf\u00e4lle<\/span>.<\/b><\/p>\n<h2 style=\"text-align: justify;\"><strong>Eingehende Bedarfsanalyse<\/strong><\/h2>\n<p><span style=\"font-weight: 400;\">Auf Anfrage kommen wir gerne zu Ihnen, um ein <span style=\"color: #028cce;\"><b>Audit <\/b><\/span>durchzuf\u00fchren und Muster zu sammeln. <\/span><\/p>\n<p><span style=\"font-weight: 400;\">Die folgenden Fragen sollen erst beantwortet werden, um zu bestimmen, wie Ihre Kunststoffabf\u00e4lle besser wiederzuverwerten ist:<\/span><\/p>\n<ul style=\"text-align: justify;\">\n<li style=\"text-align: justify;\"><b>Art der Kunststoffe?<\/b><\/li>\n<li style=\"text-align: justify;\"><b>Art der Verspackung?<\/b><\/li>\n<li><b>Was ist Ihr Kunststoffabfallfluss?<\/b><\/li>\n<li style=\"text-align: justify;\"><b>Gesch\u00e4tzt j\u00e4hrliche Produktion davon?<\/b><\/li>\n<li style=\"text-align: justify;\"><strong>Ihre Interesse und Schwierigkeiten<\/strong><\/li>\n<\/ul>\n<p style=\"text-align: justify;\"><span style=\"font-weight: 400;\">Nach unserem Besuch erhalten Sie eine <span style=\"color: #028cce;\"><b>ausf\u00fchrliche Analyse<\/b><\/span> von unseren Beobachtungen und einen Verbesserungsvorschlag, was die folgenden Bereichen angeht:<\/span><\/p>\n<ul style=\"text-align: justify;\">\n<li><b>Aufbereitung<\/b><span style=\"font-weight: 400;\"> Ihrer Produktionsabf\u00e4lle<\/span><\/li>\n<li><b>Optimierung<\/b><span style=\"font-weight: 400;\"> der Abfalltrennung<\/span><\/li>\n<li><span style=\"font-weight: 400;\"><b>Verpackung <\/b><\/span><span style=\"font-weight: 400;\">der Kunststoffe<\/span><\/li>\n<\/ul>\n<p style=\"text-align: justify;\"><strong><b>Kontakt<\/b>: <a href=\"mailto:achats@novaly.fr\">achats@novaly.fr<\/a><\/strong><\/p>\n<\/div><\/div><\/div><\/div><div class=\"wpb_column vc_column_container\"><div class=\"vc_column-inner\"><div class=\"w-slider style_none fit_scaledown nav_dots count_3\"><div class=\"w-slider-h\"><div class=\"royalSlider\"><div class=\"rsContent\"><a class=\"rsImg\" data-rsw=\"272\" data-rsh=\"60\" data-rsBigImg=\"https:\/\/www.novaly.fr\/wp-content\/uploads\/2017\/10\/logo-novaly-60px.png\" href=\"https:\/\/www.novaly.fr\/wp-content\/uploads\/2017\/10\/logo-novaly-60px.png\"><span data-alt=\"\"><\/span><\/a><\/div><div class=\"rsContent\"><a class=\"rsImg\" data-rsw=\"512\" data-rsh=\"512\" data-rsBigImg=\"https:\/\/www.novaly.fr\/wp-content\/uploads\/2017\/10\/icone-novaly-512px.png\" href=\"https:\/\/www.novaly.fr\/wp-content\/uploads\/2017\/10\/icone-novaly-512px.png\"><span data-alt=\"\"><\/span><\/a><\/div><div class=\"rsContent\"><a class=\"rsImg\" data-rsw=\"512\" data-rsh=\"512\" data-rsBigImg=\"https:\/\/www.novaly.fr\/wp-content\/uploads\/2017\/10\/cropped-icone-novaly-512px.png\" href=\"https:\/\/www.novaly.fr\/wp-content\/uploads\/2017\/10\/cropped-icone-novaly-512px.png\"><span data-alt=\"\"><\/span><\/a><\/div><\/div><img decoding=\"async\" src=\"https:\/\/www.novaly.fr\/wp-content\/uploads\/2017\/10\/logo-novaly-60px.png\" width=\"272\" height=\"60\" alt loading=\"lazy\"><\/div><div class=\"w-slider-json\" onclick='return {&quot;autoScaleSlider&quot;:true,&quot;addActiveClass&quot;:true,&quot;loop&quot;:true,&quot;fadeInLoadedSlide&quot;:false,&quot;slidesSpacing&quot;:0,&quot;imageScalePadding&quot;:0,&quot;numImagesToPreload&quot;:2,&quot;arrowsNav&quot;:true,&quot;arrowsNavAutoHide&quot;:true,&quot;transitionType&quot;:&quot;fade&quot;,&quot;transitionSpeed&quot;:250,&quot;block&quot;:{&quot;moveEffect&quot;:&quot;none&quot;,&quot;speed&quot;:300},&quot;thumbs&quot;:{&quot;fitInViewport&quot;:false,&quot;firstMargin&quot;:false,&quot;spacing&quot;:4},&quot;controlNavigation&quot;:&quot;bullets&quot;,&quot;autoplay&quot;:{&quot;enabled&quot;:true,&quot;pauseOnHover&quot;:true,&quot;delay&quot;:3000},&quot;fullscreen&quot;:{&quot;enabled&quot;:true},&quot;autoScaleSliderWidth&quot;:272,&quot;autoScaleSliderHeight&quot;:60}'><\/div><\/div><div class=\"w-separator size_custom\" style=\"height:30px\"><\/div><div class=\"w-btn-wrapper align_center\"><a class=\"w-btn us-btn-style_3\" href=\"http:\/\/novaly.fr\/de\/kontakt\/\"><span class=\"w-btn-label\">Nehmen Sie Kontakt mit uns auf<\/span><\/a><\/div><\/div><\/div><\/div><\/div><\/section>\n","protected":false},"excerpt":{"rendered":"Unser Team erstellt gerne eine Studie \u00fcber die Trennung, Sammlung und Aufbereitung Ihrer Produktionsabf\u00e4lle. Eingehende Bedarfsanalyse Auf Anfrage kommen wir gerne zu Ihnen, um ein Audit durchzuf\u00fchren und Muster zu sammeln. Die folgenden Fragen sollen erst beantwortet werden, um zu bestimmen, wie Ihre Kunststoffabf\u00e4lle besser wiederzuverwerten ist: Art der Kunststoffe? Art der Verspackung? Was ist...","protected":false},"author":5,"featured_media":0,"parent":0,"menu_order":0,"comment_status":"closed","ping_status":"closed","template":"","meta":{"footnotes":""},"class_list":["post-321","page","type-page","status-publish","hentry"],"yoast_head":"<!-- This site is optimized with the Yoast SEO plugin v27.4 - https:\/\/yoast.com\/product\/yoast-seo-wordpress\/ -->\n<title>Kundenspezifische L\u00f6sungen - Novaly<\/title>\n<meta name=\"robots\" content=\"index, follow, max-snippet:-1, max-image-preview:large, max-video-preview:-1\" \/>\n<link rel=\"canonical\" href=\"https:\/\/www.novaly.fr\/audit-conseil\/\" \/>\n<meta property=\"og:locale\" content=\"de_DE\" \/>\n<meta property=\"og:type\" content=\"article\" \/>\n<meta property=\"og:title\" content=\"Kundenspezifische L\u00f6sungen - Novaly\" \/>\n<meta property=\"og:url\" content=\"https:\/\/www.novaly.fr\/audit-conseil\/\" \/>\n<meta property=\"og:site_name\" content=\"Novaly\" \/>\n<meta property=\"article:modified_time\" content=\"2021-03-02T14:18:18+00:00\" \/>\n<meta name=\"twitter:card\" content=\"summary_large_image\" \/>\n<meta name=\"twitter:label1\" content=\"Gesch\u00e4tzte Lesezeit\" \/>\n\t<meta name=\"twitter:data1\" content=\"1\u00a0Minute\" \/>\n<script type=\"application\/ld+json\" class=\"yoast-schema-graph\">{\"@context\":\"https:\\\/\\\/schema.org\",\"@graph\":[{\"@type\":\"WebPage\",\"@id\":\"https:\\\/\\\/www.novaly.fr\\\/audit-conseil\\\/\",\"url\":\"https:\\\/\\\/www.novaly.fr\\\/audit-conseil\\\/\",\"name\":\"Kundenspezifische L\u00f6sungen - Novaly\",\"isPartOf\":{\"@id\":\"https:\\\/\\\/www.novaly.fr\\\/#website\"},\"datePublished\":\"2017-10-24T14:25:56+00:00\",\"dateModified\":\"2021-03-02T14:18:18+00:00\",\"breadcrumb\":{\"@id\":\"https:\\\/\\\/www.novaly.fr\\\/audit-conseil\\\/#breadcrumb\"},\"inLanguage\":\"de\",\"potentialAction\":[{\"@type\":\"ReadAction\",\"target\":[\"https:\\\/\\\/www.novaly.fr\\\/audit-conseil\\\/\"]}]},{\"@type\":\"BreadcrumbList\",\"@id\":\"https:\\\/\\\/www.novaly.fr\\\/audit-conseil\\\/#breadcrumb\",\"itemListElement\":[{\"@type\":\"ListItem\",\"position\":1,\"name\":\"Accueil\",\"item\":\"https:\\\/\\\/www.novaly.fr\\\/de\\\/\"},{\"@type\":\"ListItem\",\"position\":2,\"name\":\"Kundenspezifische L\u00f6sungen\"}]},{\"@type\":\"WebSite\",\"@id\":\"https:\\\/\\\/www.novaly.fr\\\/#website\",\"url\":\"https:\\\/\\\/www.novaly.fr\\\/\",\"name\":\"Novaly\",\"description\":\"Mati\u00e8res plastiques recycl\u00e9es\",\"potentialAction\":[{\"@type\":\"SearchAction\",\"target\":{\"@type\":\"EntryPoint\",\"urlTemplate\":\"https:\\\/\\\/www.novaly.fr\\\/?s={search_term_string}\"},\"query-input\":{\"@type\":\"PropertyValueSpecification\",\"valueRequired\":true,\"valueName\":\"search_term_string\"}}],\"inLanguage\":\"de\"}]}<\/script>\n<!-- \/ Yoast SEO plugin. -->","yoast_head_json":{"title":"Kundenspezifische L\u00f6sungen - Novaly","robots":{"index":"index","follow":"follow","max-snippet":"max-snippet:-1","max-image-preview":"max-image-preview:large","max-video-preview":"max-video-preview:-1"},"canonical":"https:\/\/www.novaly.fr\/audit-conseil\/","og_locale":"de_DE","og_type":"article","og_title":"Kundenspezifische L\u00f6sungen - Novaly","og_url":"https:\/\/www.novaly.fr\/audit-conseil\/","og_site_name":"Novaly","article_modified_time":"2021-03-02T14:18:18+00:00","twitter_card":"summary_large_image","twitter_misc":{"Gesch\u00e4tzte Lesezeit":"1\u00a0Minute"},"schema":{"@context":"https:\/\/schema.org","@graph":[{"@type":"WebPage","@id":"https:\/\/www.novaly.fr\/audit-conseil\/","url":"https:\/\/www.novaly.fr\/audit-conseil\/","name":"Kundenspezifische L\u00f6sungen - Novaly","isPartOf":{"@id":"https:\/\/www.novaly.fr\/#website"},"datePublished":"2017-10-24T14:25:56+00:00","dateModified":"2021-03-02T14:18:18+00:00","breadcrumb":{"@id":"https:\/\/www.novaly.fr\/audit-conseil\/#breadcrumb"},"inLanguage":"de","potentialAction":[{"@type":"ReadAction","target":["https:\/\/www.novaly.fr\/audit-conseil\/"]}]},{"@type":"BreadcrumbList","@id":"https:\/\/www.novaly.fr\/audit-conseil\/#breadcrumb","itemListElement":[{"@type":"ListItem","position":1,"name":"Accueil","item":"https:\/\/www.novaly.fr\/de\/"},{"@type":"ListItem","position":2,"name":"Kundenspezifische L\u00f6sungen"}]},{"@type":"WebSite","@id":"https:\/\/www.novaly.fr\/#website","url":"https:\/\/www.novaly.fr\/","name":"Novaly","description":"Mati\u00e8res plastiques recycl\u00e9es","potentialAction":[{"@type":"SearchAction","target":{"@type":"EntryPoint","urlTemplate":"https:\/\/www.novaly.fr\/?s={search_term_string}"},"query-input":{"@type":"PropertyValueSpecification","valueRequired":true,"valueName":"search_term_string"}}],"inLanguage":"de"}]}},"_links":{"self":[{"href":"https:\/\/www.novaly.fr\/de\/wp-json\/wp\/v2\/pages\/321","targetHints":{"allow":["GET"]}}],"collection":[{"href":"https:\/\/www.novaly.fr\/de\/wp-json\/wp\/v2\/pages"}],"about":[{"href":"https:\/\/www.novaly.fr\/de\/wp-json\/wp\/v2\/types\/page"}],"author":[{"embeddable":true,"href":"https:\/\/www.novaly.fr\/de\/wp-json\/wp\/v2\/users\/5"}],"replies":[{"embeddable":true,"href":"https:\/\/www.novaly.fr\/de\/wp-json\/wp\/v2\/comments?post=321"}],"version-history":[{"count":9,"href":"https:\/\/www.novaly.fr\/de\/wp-json\/wp\/v2\/pages\/321\/revisions"}],"predecessor-version":[{"id":575,"href":"https:\/\/www.novaly.fr\/de\/wp-json\/wp\/v2\/pages\/321\/revisions\/575"}],"wp:attachment":[{"href":"https:\/\/www.novaly.fr\/de\/wp-json\/wp\/v2\/media?parent=321"}],"curies":[{"name":"wp","href":"https:\/\/api.w.org\/{rel}","templated":true}]}}