{"id":324,"date":"2017-10-24T16:25:24","date_gmt":"2017-10-24T14:25:24","guid":{"rendered":"https:\/\/www.novaly.fr\/logistique\/"},"modified":"2021-03-02T15:18:42","modified_gmt":"2021-03-02T14:18:42","slug":"logistik","status":"publish","type":"page","link":"https:\/\/www.novaly.fr\/de\/logistik\/","title":{"rendered":"Just in time"},"content":{"rendered":"<section class=\"l-section wpb_row height_medium\"><div class=\"l-section-h i-cf\"><div class=\"g-cols vc_row via_grid cols_2-1 laptops-cols_inherit tablets-cols_inherit mobiles-cols_1 valign_top type_default stacking_default\"><div class=\"wpb_column vc_column_container\"><div class=\"vc_column-inner\"><div class=\"wpb_text_column\"><div class=\"wpb_wrapper\"><h2 style=\"text-align: justify;\"><strong>Dienste, die Ihren Erwartungen entsprechen<\/strong><\/h2>\n<p><span style=\"font-weight: 400;\"><span style=\"color: #028cce;\"><strong>Nationale und internationale Partnerschaften<\/strong><\/span> sind von Novaly seit mehreren Jahren entwickelt worden.<\/span><\/p>\n<p><span style=\"font-weight: 400;\">Da wir die Schwierigkeiten kennen, die mit der Lagerung der Kunststoffabf\u00e4lle und den Beschr\u00e4nkungen der industriellen Produktion kommen, arbeiten wir nach dem <\/span><span style=\"color: #028cce;\"><strong><i>just-in-time<\/i><\/strong><\/span><span style=\"font-weight: 400;\"> Prinzip. <span style=\"color: #028cce;\"><strong>Unsere Fristen<\/strong><\/span> f\u00fcr die Abholung oder Lieferung richten sich nach Ihren Anforderungen an Planung, P\u00fcnktlichkeit und Reaktivit\u00e4t.<\/span><\/p>\n<h2 style=\"text-align: justify;\"><strong>G\u00fcterverkehr<\/strong><\/h2>\n<p style=\"text-align: justify;\"><span style=\"font-weight: 400;\">Novaly bietet Ihnen variierte und flexible Optionen:<\/span><\/p>\n<ul style=\"text-align: justify;\">\n<li style=\"text-align: justify;\"><strong>Vollst\u00e4ndige Verladung oder Teilverladung<\/strong><\/li>\n<li><strong>Transport \u00fcber die Stra\u00dfe im In- und Ausland (Tautliner, Megataut, Anh\u00e4ngerzug, automatisierter Schubboden, Kipper&#8230;)<\/strong><\/li>\n<li style=\"text-align: justify;\"><strong>Seetransport, von 20 bis 40 High Cube<\/strong><\/li>\n<\/ul>\n<h2 style=\"text-align: justify;\"><strong>Einhaltung der Verwaltungsverfahren<\/strong><\/h2>\n<p style=\"text-align: justify;\">F\u00fcr den Transit von Recyclingstoffen sind <span style=\"color: #028cce;\"><strong>Verwaltungsunterlagen und spezifische Zertifikate erforderlich<\/strong><\/span>: Anlage VII, Genehmigung f\u00fcr den Abfalltransport, VGM, Fotos des Ladegutes, Telex Release, OBL&#8230;<\/p>\n<\/div><\/div><\/div><\/div><div class=\"wpb_column vc_column_container\"><div class=\"vc_column-inner\"><div class=\"w-slider style_none fit_scaledown nav_dots count_3\"><div class=\"w-slider-h\"><div class=\"royalSlider\"><div class=\"rsContent\"><a class=\"rsImg\" data-rsw=\"800\" data-rsh=\"520\" data-rsBigImg=\"https:\/\/www.novaly.fr\/wp-content\/uploads\/2017\/10\/Cargaison-1.jpg\" href=\"https:\/\/www.novaly.fr\/wp-content\/uploads\/2017\/10\/Cargaison-1.jpg\"><span data-alt=\"\"><\/span><\/a><\/div><div class=\"rsContent\"><a class=\"rsImg\" data-rsw=\"1920\" data-rsh=\"1080\" data-rsBigImg=\"https:\/\/www.novaly.fr\/wp-content\/uploads\/2017\/12\/Camion.jpg\" href=\"https:\/\/www.novaly.fr\/wp-content\/uploads\/2017\/12\/Camion.jpg\"><span data-alt=\"\"><\/span><\/a><\/div><div class=\"rsContent\"><a class=\"rsImg\" data-rsw=\"1920\" data-rsh=\"1080\" data-rsBigImg=\"https:\/\/www.novaly.fr\/wp-content\/uploads\/2017\/12\/Conteneurs.jpg\" href=\"https:\/\/www.novaly.fr\/wp-content\/uploads\/2017\/12\/Conteneurs.jpg\"><span data-alt=\"\"><\/span><\/a><\/div><\/div><img decoding=\"async\" src=\"https:\/\/www.novaly.fr\/wp-content\/uploads\/2017\/10\/Cargaison-1.jpg\" width=\"800\" height=\"520\" alt loading=\"lazy\"><\/div><div class=\"w-slider-json\" onclick='return {&quot;autoScaleSlider&quot;:true,&quot;addActiveClass&quot;:true,&quot;loop&quot;:true,&quot;fadeInLoadedSlide&quot;:false,&quot;slidesSpacing&quot;:0,&quot;imageScalePadding&quot;:0,&quot;numImagesToPreload&quot;:2,&quot;arrowsNav&quot;:true,&quot;arrowsNavAutoHide&quot;:true,&quot;transitionType&quot;:&quot;fade&quot;,&quot;transitionSpeed&quot;:250,&quot;block&quot;:{&quot;moveEffect&quot;:&quot;none&quot;,&quot;speed&quot;:300},&quot;thumbs&quot;:{&quot;fitInViewport&quot;:false,&quot;firstMargin&quot;:false,&quot;spacing&quot;:4},&quot;controlNavigation&quot;:&quot;bullets&quot;,&quot;autoplay&quot;:{&quot;enabled&quot;:true,&quot;pauseOnHover&quot;:true,&quot;delay&quot;:3000},&quot;fullscreen&quot;:{&quot;enabled&quot;:true},&quot;autoScaleSliderWidth&quot;:800,&quot;autoScaleSliderHeight&quot;:520}'><\/div><\/div><div class=\"w-separator size_custom\" style=\"height:30px\"><\/div><div class=\"w-btn-wrapper align_center\"><a class=\"w-btn us-btn-style_3\" href=\"http:\/\/novaly.fr\/de\/kontakt\/\"><span class=\"w-btn-label\">Nehmen Sie Kontakt mit uns auf<\/span><\/a><\/div><\/div><\/div><\/div><\/div><\/section>\n","protected":false},"excerpt":{"rendered":"Dienste, die Ihren Erwartungen entsprechen Nationale und internationale Partnerschaften sind von Novaly seit mehreren Jahren entwickelt worden. Da wir die Schwierigkeiten kennen, die mit der Lagerung der Kunststoffabf\u00e4lle und den Beschr\u00e4nkungen der industriellen Produktion kommen, arbeiten wir nach dem just-in-time Prinzip. Unsere Fristen f\u00fcr die Abholung oder Lieferung richten sich nach Ihren Anforderungen an Planung,...","protected":false},"author":5,"featured_media":0,"parent":0,"menu_order":0,"comment_status":"closed","ping_status":"closed","template":"","meta":{"footnotes":""},"class_list":["post-324","page","type-page","status-publish","hentry"],"yoast_head":"<!-- This site is optimized with the Yoast SEO plugin v27.4 - https:\/\/yoast.com\/product\/yoast-seo-wordpress\/ -->\n<title>Just in time - Novaly<\/title>\n<meta name=\"robots\" content=\"index, follow, max-snippet:-1, max-image-preview:large, max-video-preview:-1\" \/>\n<link rel=\"canonical\" href=\"https:\/\/www.novaly.fr\/de\/logistik\/\" \/>\n<meta property=\"og:locale\" content=\"de_DE\" \/>\n<meta property=\"og:type\" content=\"article\" \/>\n<meta property=\"og:title\" content=\"Just in time - Novaly\" \/>\n<meta property=\"og:url\" content=\"https:\/\/www.novaly.fr\/de\/logistik\/\" \/>\n<meta property=\"og:site_name\" content=\"Novaly\" \/>\n<meta property=\"article:modified_time\" content=\"2021-03-02T14:18:42+00:00\" \/>\n<meta name=\"twitter:card\" content=\"summary_large_image\" \/>\n<meta name=\"twitter:label1\" content=\"Gesch\u00e4tzte Lesezeit\" \/>\n\t<meta name=\"twitter:data1\" content=\"1\u00a0Minute\" \/>\n<script type=\"application\/ld+json\" class=\"yoast-schema-graph\">{\"@context\":\"https:\\\/\\\/schema.org\",\"@graph\":[{\"@type\":\"WebPage\",\"@id\":\"https:\\\/\\\/www.novaly.fr\\\/de\\\/logistik\\\/\",\"url\":\"https:\\\/\\\/www.novaly.fr\\\/de\\\/logistik\\\/\",\"name\":\"Just in time - Novaly\",\"isPartOf\":{\"@id\":\"https:\\\/\\\/www.novaly.fr\\\/#website\"},\"datePublished\":\"2017-10-24T14:25:24+00:00\",\"dateModified\":\"2021-03-02T14:18:42+00:00\",\"breadcrumb\":{\"@id\":\"https:\\\/\\\/www.novaly.fr\\\/de\\\/logistik\\\/#breadcrumb\"},\"inLanguage\":\"de\",\"potentialAction\":[{\"@type\":\"ReadAction\",\"target\":[\"https:\\\/\\\/www.novaly.fr\\\/de\\\/logistik\\\/\"]}]},{\"@type\":\"BreadcrumbList\",\"@id\":\"https:\\\/\\\/www.novaly.fr\\\/de\\\/logistik\\\/#breadcrumb\",\"itemListElement\":[{\"@type\":\"ListItem\",\"position\":1,\"name\":\"Accueil\",\"item\":\"https:\\\/\\\/www.novaly.fr\\\/de\\\/\"},{\"@type\":\"ListItem\",\"position\":2,\"name\":\"Just in time\"}]},{\"@type\":\"WebSite\",\"@id\":\"https:\\\/\\\/www.novaly.fr\\\/#website\",\"url\":\"https:\\\/\\\/www.novaly.fr\\\/\",\"name\":\"Novaly\",\"description\":\"Mati\u00e8res plastiques recycl\u00e9es\",\"potentialAction\":[{\"@type\":\"SearchAction\",\"target\":{\"@type\":\"EntryPoint\",\"urlTemplate\":\"https:\\\/\\\/www.novaly.fr\\\/?s={search_term_string}\"},\"query-input\":{\"@type\":\"PropertyValueSpecification\",\"valueRequired\":true,\"valueName\":\"search_term_string\"}}],\"inLanguage\":\"de\"}]}<\/script>\n<!-- \/ Yoast SEO plugin. -->","yoast_head_json":{"title":"Just in time - Novaly","robots":{"index":"index","follow":"follow","max-snippet":"max-snippet:-1","max-image-preview":"max-image-preview:large","max-video-preview":"max-video-preview:-1"},"canonical":"https:\/\/www.novaly.fr\/de\/logistik\/","og_locale":"de_DE","og_type":"article","og_title":"Just in time - Novaly","og_url":"https:\/\/www.novaly.fr\/de\/logistik\/","og_site_name":"Novaly","article_modified_time":"2021-03-02T14:18:42+00:00","twitter_card":"summary_large_image","twitter_misc":{"Gesch\u00e4tzte Lesezeit":"1\u00a0Minute"},"schema":{"@context":"https:\/\/schema.org","@graph":[{"@type":"WebPage","@id":"https:\/\/www.novaly.fr\/de\/logistik\/","url":"https:\/\/www.novaly.fr\/de\/logistik\/","name":"Just in time - Novaly","isPartOf":{"@id":"https:\/\/www.novaly.fr\/#website"},"datePublished":"2017-10-24T14:25:24+00:00","dateModified":"2021-03-02T14:18:42+00:00","breadcrumb":{"@id":"https:\/\/www.novaly.fr\/de\/logistik\/#breadcrumb"},"inLanguage":"de","potentialAction":[{"@type":"ReadAction","target":["https:\/\/www.novaly.fr\/de\/logistik\/"]}]},{"@type":"BreadcrumbList","@id":"https:\/\/www.novaly.fr\/de\/logistik\/#breadcrumb","itemListElement":[{"@type":"ListItem","position":1,"name":"Accueil","item":"https:\/\/www.novaly.fr\/de\/"},{"@type":"ListItem","position":2,"name":"Just in time"}]},{"@type":"WebSite","@id":"https:\/\/www.novaly.fr\/#website","url":"https:\/\/www.novaly.fr\/","name":"Novaly","description":"Mati\u00e8res plastiques recycl\u00e9es","potentialAction":[{"@type":"SearchAction","target":{"@type":"EntryPoint","urlTemplate":"https:\/\/www.novaly.fr\/?s={search_term_string}"},"query-input":{"@type":"PropertyValueSpecification","valueRequired":true,"valueName":"search_term_string"}}],"inLanguage":"de"}]}},"_links":{"self":[{"href":"https:\/\/www.novaly.fr\/de\/wp-json\/wp\/v2\/pages\/324","targetHints":{"allow":["GET"]}}],"collection":[{"href":"https:\/\/www.novaly.fr\/de\/wp-json\/wp\/v2\/pages"}],"about":[{"href":"https:\/\/www.novaly.fr\/de\/wp-json\/wp\/v2\/types\/page"}],"author":[{"embeddable":true,"href":"https:\/\/www.novaly.fr\/de\/wp-json\/wp\/v2\/users\/5"}],"replies":[{"embeddable":true,"href":"https:\/\/www.novaly.fr\/de\/wp-json\/wp\/v2\/comments?post=324"}],"version-history":[{"count":8,"href":"https:\/\/www.novaly.fr\/de\/wp-json\/wp\/v2\/pages\/324\/revisions"}],"predecessor-version":[{"id":576,"href":"https:\/\/www.novaly.fr\/de\/wp-json\/wp\/v2\/pages\/324\/revisions\/576"}],"wp:attachment":[{"href":"https:\/\/www.novaly.fr\/de\/wp-json\/wp\/v2\/media?parent=324"}],"curies":[{"name":"wp","href":"https:\/\/api.w.org\/{rel}","templated":true}]}}