{"id":327,"date":"2017-10-24T16:27:27","date_gmt":"2017-10-24T14:27:27","guid":{"rendered":"https:\/\/www.novaly.fr\/mentions-legales\/"},"modified":"2019-04-01T11:08:48","modified_gmt":"2019-04-01T09:08:48","slug":"rechtliche-hinweise","status":"publish","type":"page","link":"https:\/\/www.novaly.fr\/de\/rechtliche-hinweise\/","title":{"rendered":"Rechtliche Hinweise"},"content":{"rendered":"<section class=\"l-section wpb_row height_medium\"><div class=\"l-section-h i-cf\"><div class=\"g-cols vc_row via_grid cols_1 laptops-cols_inherit tablets-cols_inherit mobiles-cols_1 valign_top type_default stacking_default\"><div class=\"wpb_column vc_column_container\"><div class=\"vc_column-inner\"><div class=\"wpb_text_column\"><div class=\"wpb_wrapper\"><h2 style=\"text-align: justify;\"><b>KONTAKTDATEN<\/b><\/h2>\n<p style=\"text-align: justify;\">Nach Artikel 6 des Gesetzes Nr. 2004-575 vom 21. Juni 2004 \u00fcber das Vertrauen in die digitale Wirtschaft (LCEN) werden den Benutzern der Novaly-Website die Identit\u00e4t der an der Erstellung und Betreuung dieser Website Beteiligten genannt:<\/p>\n<p style=\"text-align: justify;\">Herausgeber ist eine unter dem Firmennamen Agence GAP bekannte Gesellschaft.<\/p>\n<p style=\"text-align: justify;\"><b>Adresse des Herausgebers :<\/b>\u00a01, rue Marie Curie \u2013 Atlanparc B\u00e2t. K \u2013 56890 Plescop<br \/>\n<b>Webmaster :<\/b>\u00a0ludovic[at]agence-gap.fr<br \/>\n<b>Verantwortlicher f\u00fcr die Ver\u00f6ffentlichung :<\/b>\u00a0J\u00e9r\u00f4me SEVERAN<br \/>\n<b>Provider ist eine Rechtsperson :<\/b>\u00a0OVH<\/p>\n<h2 style=\"text-align: justify;\"><b>FUNKTIONSWEISE UND INHALT<\/b><\/h2>\n<p style=\"text-align: justify;\"><span style=\"font-weight: 400;\">Wir weisen darauf hin, dass der Inhalt der Website Ungenauigkeiten oder Auslassungen aufweisen kann und dass dieser Inhalt kurzfristig ge\u00e4ndert oder aktualisiert werden kann.<\/span><\/p>\n<p style=\"text-align: justify;\"><span style=\"font-weight: 400;\">Trotz aller Sorgfalt bei der Erstellung dieser Website und ihrer regelm\u00e4\u00dfigen Aktualisierung k\u00f6nnen sich Fehler in die darin enthaltenen Informationen und\/oder Dokumente geschlichen haben. Die Benutzer der Website werden folglich die erforderlichen \u00dcberpr\u00fcfungen vornehmen. Die Informationen dieser Website sind unverbindlich und vertraglich nicht bindend. In diesem Zusammenhang kommt Novaly keiner Schadensersatzforderung aufgrund eines direkten oder indirekten Nachteils eines Benutzers der Website nach Einsichtnahme in die Informationen dieser Website nach.<\/span><\/p>\n<h2 style=\"text-align: justify;\"><b>URHEBERRECHTE &#8211; COPYRIGHT<\/b><\/h2>\n<p style=\"text-align: justify;\"><span style=\"font-weight: 400;\">Jede vollst\u00e4ndige oder teilweise Wiedergabe oder Darstellung ohne ausdr\u00fcckliche Zustimmung der Fa. Novaly ist gesetzeswidrig und stellt eine strafrechtlich belangte F\u00e4lschung dar. Jede genehmigte Wiedergabe muss folgende drei Bedingungen einhalten: kostenlose Verbreitung, Wahrung der Unversehrtheit der wiedergegebenen Dokumente: keinerlei \u00c4nderungen und klare und leserliche Angabe der Quelle \u201eNovaly\u201c &#8211; beispielsweise: \u00a0\u201eDieses Dokument wurde der Website von Novaly entnommen. Die Wiedergaberechte sind vorbehalten und streng beschr\u00e4nkt.\u201c<\/span><\/p>\n<h2 style=\"text-align: justify;\"><b>COOKIES<\/b><\/h2>\n<p style=\"text-align: justify;\"><span style=\"font-weight: 400;\">Mit einem \u201eCookie\u201c kann der Benutzer identifiziert werden, seine Nutzung der Website von Novaly kann an seinen Bedarf angepasst werden und die Seiten der Website k\u00f6nnen dank des Hochladens einer Datendatei auf seinen Computer schneller geladen werden. Der Benutzer best\u00e4tigt, \u00fcber diese Praxis informiert zu sein und gestattet Novaly, derart vorzugehen. Novaly verpflichtet sich, au\u00dfer bei besonderer gesetzlicher Anforderung, den Inhalt dieser Cookies nie Dritten oder Partnergesellschaften oder Kunden bekanntzugeben. Jeder Benutzer kann die Registrierung dieser Cookies ablehnen oder seinen Browser zuvor konfigurieren, der ihn dann entsprechend benachrichtigen wird.<\/span><\/p>\n<\/div><\/div><\/div><\/div><\/div><\/div><\/section>\n","protected":false},"excerpt":{"rendered":"KONTAKTDATEN Nach Artikel 6 des Gesetzes Nr. 2004-575 vom 21. Juni 2004 \u00fcber das Vertrauen in die digitale Wirtschaft (LCEN) werden den Benutzern der Novaly-Website die Identit\u00e4t der an der Erstellung und Betreuung dieser Website Beteiligten genannt: Herausgeber ist eine unter dem Firmennamen Agence GAP bekannte Gesellschaft. Adresse des Herausgebers :\u00a01, rue Marie Curie \u2013...","protected":false},"author":5,"featured_media":0,"parent":0,"menu_order":0,"comment_status":"closed","ping_status":"closed","template":"","meta":{"footnotes":""},"class_list":["post-327","page","type-page","status-publish","hentry"],"yoast_head":"<!-- This site is optimized with the Yoast SEO plugin v27.4 - https:\/\/yoast.com\/product\/yoast-seo-wordpress\/ -->\n<title>Rechtliche Hinweise - Novaly<\/title>\n<meta name=\"robots\" content=\"index, follow, max-snippet:-1, max-image-preview:large, max-video-preview:-1\" \/>\n<link rel=\"canonical\" href=\"https:\/\/www.novaly.fr\/de\/rechtliche-hinweise\/\" \/>\n<meta property=\"og:locale\" content=\"de_DE\" \/>\n<meta property=\"og:type\" content=\"article\" \/>\n<meta property=\"og:title\" content=\"Rechtliche Hinweise - Novaly\" \/>\n<meta property=\"og:url\" content=\"https:\/\/www.novaly.fr\/de\/rechtliche-hinweise\/\" \/>\n<meta property=\"og:site_name\" content=\"Novaly\" \/>\n<meta property=\"article:modified_time\" content=\"2019-04-01T09:08:48+00:00\" \/>\n<meta name=\"twitter:card\" content=\"summary_large_image\" \/>\n<meta name=\"twitter:label1\" content=\"Gesch\u00e4tzte Lesezeit\" \/>\n\t<meta name=\"twitter:data1\" content=\"2\u00a0Minuten\" \/>\n<script type=\"application\/ld+json\" class=\"yoast-schema-graph\">{\"@context\":\"https:\\\/\\\/schema.org\",\"@graph\":[{\"@type\":\"WebPage\",\"@id\":\"https:\\\/\\\/www.novaly.fr\\\/de\\\/rechtliche-hinweise\\\/\",\"url\":\"https:\\\/\\\/www.novaly.fr\\\/de\\\/rechtliche-hinweise\\\/\",\"name\":\"Rechtliche Hinweise - Novaly\",\"isPartOf\":{\"@id\":\"https:\\\/\\\/www.novaly.fr\\\/#website\"},\"datePublished\":\"2017-10-24T14:27:27+00:00\",\"dateModified\":\"2019-04-01T09:08:48+00:00\",\"breadcrumb\":{\"@id\":\"https:\\\/\\\/www.novaly.fr\\\/de\\\/rechtliche-hinweise\\\/#breadcrumb\"},\"inLanguage\":\"de\",\"potentialAction\":[{\"@type\":\"ReadAction\",\"target\":[\"https:\\\/\\\/www.novaly.fr\\\/de\\\/rechtliche-hinweise\\\/\"]}]},{\"@type\":\"BreadcrumbList\",\"@id\":\"https:\\\/\\\/www.novaly.fr\\\/de\\\/rechtliche-hinweise\\\/#breadcrumb\",\"itemListElement\":[{\"@type\":\"ListItem\",\"position\":1,\"name\":\"Accueil\",\"item\":\"https:\\\/\\\/www.novaly.fr\\\/de\\\/\"},{\"@type\":\"ListItem\",\"position\":2,\"name\":\"Rechtliche Hinweise\"}]},{\"@type\":\"WebSite\",\"@id\":\"https:\\\/\\\/www.novaly.fr\\\/#website\",\"url\":\"https:\\\/\\\/www.novaly.fr\\\/\",\"name\":\"Novaly\",\"description\":\"Mati\u00e8res plastiques recycl\u00e9es\",\"potentialAction\":[{\"@type\":\"SearchAction\",\"target\":{\"@type\":\"EntryPoint\",\"urlTemplate\":\"https:\\\/\\\/www.novaly.fr\\\/?s={search_term_string}\"},\"query-input\":{\"@type\":\"PropertyValueSpecification\",\"valueRequired\":true,\"valueName\":\"search_term_string\"}}],\"inLanguage\":\"de\"}]}<\/script>\n<!-- \/ Yoast SEO plugin. -->","yoast_head_json":{"title":"Rechtliche Hinweise - Novaly","robots":{"index":"index","follow":"follow","max-snippet":"max-snippet:-1","max-image-preview":"max-image-preview:large","max-video-preview":"max-video-preview:-1"},"canonical":"https:\/\/www.novaly.fr\/de\/rechtliche-hinweise\/","og_locale":"de_DE","og_type":"article","og_title":"Rechtliche Hinweise - Novaly","og_url":"https:\/\/www.novaly.fr\/de\/rechtliche-hinweise\/","og_site_name":"Novaly","article_modified_time":"2019-04-01T09:08:48+00:00","twitter_card":"summary_large_image","twitter_misc":{"Gesch\u00e4tzte Lesezeit":"2\u00a0Minuten"},"schema":{"@context":"https:\/\/schema.org","@graph":[{"@type":"WebPage","@id":"https:\/\/www.novaly.fr\/de\/rechtliche-hinweise\/","url":"https:\/\/www.novaly.fr\/de\/rechtliche-hinweise\/","name":"Rechtliche Hinweise - Novaly","isPartOf":{"@id":"https:\/\/www.novaly.fr\/#website"},"datePublished":"2017-10-24T14:27:27+00:00","dateModified":"2019-04-01T09:08:48+00:00","breadcrumb":{"@id":"https:\/\/www.novaly.fr\/de\/rechtliche-hinweise\/#breadcrumb"},"inLanguage":"de","potentialAction":[{"@type":"ReadAction","target":["https:\/\/www.novaly.fr\/de\/rechtliche-hinweise\/"]}]},{"@type":"BreadcrumbList","@id":"https:\/\/www.novaly.fr\/de\/rechtliche-hinweise\/#breadcrumb","itemListElement":[{"@type":"ListItem","position":1,"name":"Accueil","item":"https:\/\/www.novaly.fr\/de\/"},{"@type":"ListItem","position":2,"name":"Rechtliche Hinweise"}]},{"@type":"WebSite","@id":"https:\/\/www.novaly.fr\/#website","url":"https:\/\/www.novaly.fr\/","name":"Novaly","description":"Mati\u00e8res plastiques recycl\u00e9es","potentialAction":[{"@type":"SearchAction","target":{"@type":"EntryPoint","urlTemplate":"https:\/\/www.novaly.fr\/?s={search_term_string}"},"query-input":{"@type":"PropertyValueSpecification","valueRequired":true,"valueName":"search_term_string"}}],"inLanguage":"de"}]}},"_links":{"self":[{"href":"https:\/\/www.novaly.fr\/de\/wp-json\/wp\/v2\/pages\/327","targetHints":{"allow":["GET"]}}],"collection":[{"href":"https:\/\/www.novaly.fr\/de\/wp-json\/wp\/v2\/pages"}],"about":[{"href":"https:\/\/www.novaly.fr\/de\/wp-json\/wp\/v2\/types\/page"}],"author":[{"embeddable":true,"href":"https:\/\/www.novaly.fr\/de\/wp-json\/wp\/v2\/users\/5"}],"replies":[{"embeddable":true,"href":"https:\/\/www.novaly.fr\/de\/wp-json\/wp\/v2\/comments?post=327"}],"version-history":[{"count":2,"href":"https:\/\/www.novaly.fr\/de\/wp-json\/wp\/v2\/pages\/327\/revisions"}],"predecessor-version":[{"id":479,"href":"https:\/\/www.novaly.fr\/de\/wp-json\/wp\/v2\/pages\/327\/revisions\/479"}],"wp:attachment":[{"href":"https:\/\/www.novaly.fr\/de\/wp-json\/wp\/v2\/media?parent=327"}],"curies":[{"name":"wp","href":"https:\/\/api.w.org\/{rel}","templated":true}]}}