{"id":330,"date":"2017-10-24T16:26:27","date_gmt":"2017-10-24T14:26:27","guid":{"rendered":"https:\/\/www.novaly.fr\/vente\/"},"modified":"2021-03-02T15:18:12","modified_gmt":"2021-03-02T14:18:12","slug":"verkauf","status":"publish","type":"page","link":"https:\/\/www.novaly.fr\/de\/verkauf\/","title":{"rendered":"Unsere Produkte"},"content":{"rendered":"<section class=\"l-section wpb_row height_medium\"><div class=\"l-section-h i-cf\"><div class=\"g-cols vc_row via_grid cols_2-1 laptops-cols_inherit tablets-cols_inherit mobiles-cols_1 valign_top type_default stacking_default\"><div class=\"wpb_column vc_column_container\"><div class=\"vc_column-inner\"><div class=\"wpb_text_column\"><div class=\"wpb_wrapper\"><p><span style=\"font-weight: 400;\">Durch unsere Erfahrung im Handel <span style=\"color: #028cce;\"><strong>der recycelten Kunststoffen<\/strong><\/span> k\u00f6nnen wir alle <span style=\"color: #028cce;\"><strong>Thermoplaste<\/strong><\/span> wiederverwerten.<\/span><\/p>\n<p><span style=\"font-weight: 400;\">Novaly verkauft Produkte europaweit und auch auf den gro\u00dfen Exportm\u00e4rkten. Diese Produkte werden dann in neue Produktionszyklen miteinbezogen und erhalten ein neues Leben.<\/span><\/p>\n<h2 style=\"text-align: justify;\"><strong>Unsere recycelten Kunststoffe<\/strong><\/h2>\n<p><span style=\"font-weight: 400;\">Wir behandeln jede Anfrage unserer Kunden, wie zum Beispiel :<\/span><\/p>\n<p><strong>PP, PEHD, PEBD, PS, PVC, ABS, ABS\/PC, SAN, TPO, TPE, PC&#8230;<\/strong><\/p>\n<p><span style=\"font-weight: 400;\">Und das in jeder Form:<\/span><\/p>\n<p><span style=\"font-weight: 400;\"><strong>Ballen<\/strong>, <strong>Mahlgut<\/strong>, <strong>Regranulat<\/strong>, <strong>Sch\u00fcttgut<\/strong>, <strong>Klumpen<\/strong>&#8230;<\/span><\/p>\n<p style=\"text-align: justify;\"><strong><b>Kontakt<\/b> : <a href=\"mailto:ventes@novaly.fr\">ventes@novaly.fr<\/a><\/strong><\/p>\n<h2><strong>Unsere Qualit\u00e4tsverpflichtung: Beschaffungsmanagement<\/strong><\/h2>\n<ul>\n<li><span style=\"font-weight: 400;\">Die Qualit\u00e4t wird vor dem Versand kontrolliert<\/span><\/li>\n<li><span style=\"font-weight: 400;\">Die R\u00fcckverfolgbarkeit ist gew\u00e4hrleistet<\/span><\/li>\n<li><span style=\"font-weight: 400;\">Die Leistungsvorgabe unserer Kunden wird respektiert (technische Eigenschaften, Korngr\u00f6\u00dfe, Farbe&#8230;)<\/span><\/li>\n<li style=\"font-weight: 400;\"><span style=\"font-weight: 400;\">Die Lieferungen werden nach Ihrem Bedarf geplant<\/span><\/li>\n<\/ul>\n<\/div><\/div><\/div><\/div><div class=\"wpb_column vc_column_container\"><div class=\"vc_column-inner\"><div class=\"w-slider style_none fit_scaledown nav_dots count_10\"><div class=\"w-slider-h\"><div class=\"royalSlider\"><div class=\"rsContent\"><a class=\"rsImg\" data-rsw=\"400\" data-rsh=\"260\" data-rsBigImg=\"https:\/\/www.novaly.fr\/wp-content\/uploads\/2017\/10\/Matie\u0300re-plastique-12.jpg\" href=\"https:\/\/www.novaly.fr\/wp-content\/uploads\/2017\/10\/Matie\u0300re-plastique-12.jpg\"><span data-alt=\"\"><\/span><\/a><\/div><div class=\"rsContent\"><a class=\"rsImg\" data-rsw=\"400\" data-rsh=\"260\" data-rsBigImg=\"https:\/\/www.novaly.fr\/wp-content\/uploads\/2017\/10\/Matie\u0300re-plastique-9.jpg\" href=\"https:\/\/www.novaly.fr\/wp-content\/uploads\/2017\/10\/Matie\u0300re-plastique-9.jpg\"><span data-alt=\"\"><\/span><\/a><\/div><div class=\"rsContent\"><a class=\"rsImg\" data-rsw=\"800\" data-rsh=\"520\" data-rsBigImg=\"https:\/\/www.novaly.fr\/wp-content\/uploads\/2017\/10\/Matie\u0300re-plastique-5.jpg\" href=\"https:\/\/www.novaly.fr\/wp-content\/uploads\/2017\/10\/Matie\u0300re-plastique-5.jpg\"><span data-alt=\"\"><\/span><\/a><\/div><div class=\"rsContent\"><a class=\"rsImg\" data-rsw=\"500\" data-rsh=\"325\" data-rsBigImg=\"https:\/\/www.novaly.fr\/wp-content\/uploads\/2017\/10\/Matie\u0300re-plastique-2.png\" href=\"https:\/\/www.novaly.fr\/wp-content\/uploads\/2017\/10\/Matie\u0300re-plastique-2.png\"><span data-alt=\"\"><\/span><\/a><\/div><div class=\"rsContent\"><a class=\"rsImg\" data-rsw=\"360\" data-rsh=\"240\" data-rsBigImg=\"https:\/\/www.novaly.fr\/wp-content\/uploads\/2018\/02\/vente-A.jpg\" href=\"https:\/\/www.novaly.fr\/wp-content\/uploads\/2018\/02\/vente-A.jpg\"><span data-alt=\"\"><\/span><\/a><\/div><div class=\"rsContent\"><a class=\"rsImg\" data-rsw=\"600\" data-rsh=\"800\" data-rsBigImg=\"https:\/\/www.novaly.fr\/wp-content\/uploads\/2018\/02\/vente-B.jpg\" href=\"https:\/\/www.novaly.fr\/wp-content\/uploads\/2018\/02\/vente-B.jpg\"><span data-alt=\"\"><\/span><\/a><\/div><div class=\"rsContent\"><a class=\"rsImg\" data-rsw=\"800\" data-rsh=\"520\" data-rsBigImg=\"https:\/\/www.novaly.fr\/wp-content\/uploads\/2018\/02\/vente-C.jpg\" href=\"https:\/\/www.novaly.fr\/wp-content\/uploads\/2018\/02\/vente-C.jpg\"><span data-alt=\"\"><\/span><\/a><\/div><div class=\"rsContent\"><a class=\"rsImg\" data-rsw=\"300\" data-rsh=\"108\" data-rsBigImg=\"https:\/\/www.novaly.fr\/wp-content\/uploads\/2018\/02\/vente-E.jpg\" href=\"https:\/\/www.novaly.fr\/wp-content\/uploads\/2018\/02\/vente-E.jpg\"><span data-alt=\"\"><\/span><\/a><\/div><div class=\"rsContent\"><a class=\"rsImg\" data-rsw=\"220\" data-rsh=\"146\" data-rsBigImg=\"https:\/\/www.novaly.fr\/wp-content\/uploads\/2018\/02\/vente-F.jpg\" href=\"https:\/\/www.novaly.fr\/wp-content\/uploads\/2018\/02\/vente-F.jpg\"><span data-alt=\"\"><\/span><\/a><\/div><div class=\"rsContent\"><a class=\"rsImg\" data-rsw=\"658\" data-rsh=\"1220\" data-rsBigImg=\"https:\/\/www.novaly.fr\/wp-content\/uploads\/2018\/02\/vente-G.jpeg\" href=\"https:\/\/www.novaly.fr\/wp-content\/uploads\/2018\/02\/vente-G.jpeg\"><span data-alt=\"\"><\/span><\/a><\/div><\/div><img decoding=\"async\" src=\"https:\/\/www.novaly.fr\/wp-content\/uploads\/2017\/10\/Matie\u0300re-plastique-12.jpg\" width=\"400\" height=\"260\" alt loading=\"lazy\"><\/div><div class=\"w-slider-json\" onclick='return {&quot;autoScaleSlider&quot;:true,&quot;addActiveClass&quot;:true,&quot;loop&quot;:true,&quot;fadeInLoadedSlide&quot;:false,&quot;slidesSpacing&quot;:0,&quot;imageScalePadding&quot;:0,&quot;numImagesToPreload&quot;:2,&quot;arrowsNav&quot;:true,&quot;arrowsNavAutoHide&quot;:true,&quot;transitionType&quot;:&quot;fade&quot;,&quot;transitionSpeed&quot;:250,&quot;block&quot;:{&quot;moveEffect&quot;:&quot;none&quot;,&quot;speed&quot;:300},&quot;thumbs&quot;:{&quot;fitInViewport&quot;:false,&quot;firstMargin&quot;:false,&quot;spacing&quot;:4},&quot;controlNavigation&quot;:&quot;bullets&quot;,&quot;autoplay&quot;:{&quot;enabled&quot;:true,&quot;pauseOnHover&quot;:true,&quot;delay&quot;:3000},&quot;fullscreen&quot;:{&quot;enabled&quot;:true},&quot;autoScaleSliderWidth&quot;:400,&quot;autoScaleSliderHeight&quot;:260}'><\/div><\/div><div class=\"w-separator size_custom\" style=\"height:30px\"><\/div><div class=\"w-btn-wrapper align_center\"><a class=\"w-btn us-btn-style_3\" href=\"http:\/\/novaly.fr\/de\/kontakt\/\"><span class=\"w-btn-label\">Nehmen Sie Kontakt mit uns auf<\/span><\/a><\/div><\/div><\/div><\/div><\/div><\/section>\n","protected":false},"excerpt":{"rendered":"Durch unsere Erfahrung im Handel der recycelten Kunststoffen k\u00f6nnen wir alle Thermoplaste wiederverwerten. Novaly verkauft Produkte europaweit und auch auf den gro\u00dfen Exportm\u00e4rkten. Diese Produkte werden dann in neue Produktionszyklen miteinbezogen und erhalten ein neues Leben. Unsere recycelten Kunststoffe Wir behandeln jede Anfrage unserer Kunden, wie zum Beispiel : PP, PEHD, PEBD, PS, PVC, ABS,...","protected":false},"author":5,"featured_media":0,"parent":0,"menu_order":0,"comment_status":"closed","ping_status":"closed","template":"","meta":{"footnotes":""},"class_list":["post-330","page","type-page","status-publish","hentry"],"yoast_head":"<!-- This site is optimized with the Yoast SEO plugin v27.4 - https:\/\/yoast.com\/product\/yoast-seo-wordpress\/ -->\n<title>Unsere Produkte - Novaly<\/title>\n<meta name=\"robots\" content=\"index, follow, max-snippet:-1, max-image-preview:large, max-video-preview:-1\" \/>\n<link rel=\"canonical\" href=\"https:\/\/www.novaly.fr\/de\/verkauf\/\" \/>\n<meta property=\"og:locale\" content=\"de_DE\" \/>\n<meta property=\"og:type\" content=\"article\" \/>\n<meta property=\"og:title\" content=\"Unsere Produkte - Novaly\" \/>\n<meta property=\"og:url\" content=\"https:\/\/www.novaly.fr\/de\/verkauf\/\" \/>\n<meta property=\"og:site_name\" content=\"Novaly\" \/>\n<meta property=\"article:modified_time\" content=\"2021-03-02T14:18:12+00:00\" \/>\n<meta name=\"twitter:card\" content=\"summary_large_image\" \/>\n<meta name=\"twitter:label1\" content=\"Gesch\u00e4tzte Lesezeit\" \/>\n\t<meta name=\"twitter:data1\" content=\"1\u00a0Minute\" \/>\n<script type=\"application\/ld+json\" class=\"yoast-schema-graph\">{\"@context\":\"https:\\\/\\\/schema.org\",\"@graph\":[{\"@type\":\"WebPage\",\"@id\":\"https:\\\/\\\/www.novaly.fr\\\/de\\\/verkauf\\\/\",\"url\":\"https:\\\/\\\/www.novaly.fr\\\/de\\\/verkauf\\\/\",\"name\":\"Unsere Produkte - Novaly\",\"isPartOf\":{\"@id\":\"https:\\\/\\\/www.novaly.fr\\\/#website\"},\"datePublished\":\"2017-10-24T14:26:27+00:00\",\"dateModified\":\"2021-03-02T14:18:12+00:00\",\"breadcrumb\":{\"@id\":\"https:\\\/\\\/www.novaly.fr\\\/de\\\/verkauf\\\/#breadcrumb\"},\"inLanguage\":\"de\",\"potentialAction\":[{\"@type\":\"ReadAction\",\"target\":[\"https:\\\/\\\/www.novaly.fr\\\/de\\\/verkauf\\\/\"]}]},{\"@type\":\"BreadcrumbList\",\"@id\":\"https:\\\/\\\/www.novaly.fr\\\/de\\\/verkauf\\\/#breadcrumb\",\"itemListElement\":[{\"@type\":\"ListItem\",\"position\":1,\"name\":\"Accueil\",\"item\":\"https:\\\/\\\/www.novaly.fr\\\/de\\\/\"},{\"@type\":\"ListItem\",\"position\":2,\"name\":\"Unsere Produkte\"}]},{\"@type\":\"WebSite\",\"@id\":\"https:\\\/\\\/www.novaly.fr\\\/#website\",\"url\":\"https:\\\/\\\/www.novaly.fr\\\/\",\"name\":\"Novaly\",\"description\":\"Mati\u00e8res plastiques recycl\u00e9es\",\"potentialAction\":[{\"@type\":\"SearchAction\",\"target\":{\"@type\":\"EntryPoint\",\"urlTemplate\":\"https:\\\/\\\/www.novaly.fr\\\/?s={search_term_string}\"},\"query-input\":{\"@type\":\"PropertyValueSpecification\",\"valueRequired\":true,\"valueName\":\"search_term_string\"}}],\"inLanguage\":\"de\"}]}<\/script>\n<!-- \/ Yoast SEO plugin. -->","yoast_head_json":{"title":"Unsere Produkte - Novaly","robots":{"index":"index","follow":"follow","max-snippet":"max-snippet:-1","max-image-preview":"max-image-preview:large","max-video-preview":"max-video-preview:-1"},"canonical":"https:\/\/www.novaly.fr\/de\/verkauf\/","og_locale":"de_DE","og_type":"article","og_title":"Unsere Produkte - Novaly","og_url":"https:\/\/www.novaly.fr\/de\/verkauf\/","og_site_name":"Novaly","article_modified_time":"2021-03-02T14:18:12+00:00","twitter_card":"summary_large_image","twitter_misc":{"Gesch\u00e4tzte Lesezeit":"1\u00a0Minute"},"schema":{"@context":"https:\/\/schema.org","@graph":[{"@type":"WebPage","@id":"https:\/\/www.novaly.fr\/de\/verkauf\/","url":"https:\/\/www.novaly.fr\/de\/verkauf\/","name":"Unsere Produkte - Novaly","isPartOf":{"@id":"https:\/\/www.novaly.fr\/#website"},"datePublished":"2017-10-24T14:26:27+00:00","dateModified":"2021-03-02T14:18:12+00:00","breadcrumb":{"@id":"https:\/\/www.novaly.fr\/de\/verkauf\/#breadcrumb"},"inLanguage":"de","potentialAction":[{"@type":"ReadAction","target":["https:\/\/www.novaly.fr\/de\/verkauf\/"]}]},{"@type":"BreadcrumbList","@id":"https:\/\/www.novaly.fr\/de\/verkauf\/#breadcrumb","itemListElement":[{"@type":"ListItem","position":1,"name":"Accueil","item":"https:\/\/www.novaly.fr\/de\/"},{"@type":"ListItem","position":2,"name":"Unsere Produkte"}]},{"@type":"WebSite","@id":"https:\/\/www.novaly.fr\/#website","url":"https:\/\/www.novaly.fr\/","name":"Novaly","description":"Mati\u00e8res plastiques recycl\u00e9es","potentialAction":[{"@type":"SearchAction","target":{"@type":"EntryPoint","urlTemplate":"https:\/\/www.novaly.fr\/?s={search_term_string}"},"query-input":{"@type":"PropertyValueSpecification","valueRequired":true,"valueName":"search_term_string"}}],"inLanguage":"de"}]}},"_links":{"self":[{"href":"https:\/\/www.novaly.fr\/de\/wp-json\/wp\/v2\/pages\/330","targetHints":{"allow":["GET"]}}],"collection":[{"href":"https:\/\/www.novaly.fr\/de\/wp-json\/wp\/v2\/pages"}],"about":[{"href":"https:\/\/www.novaly.fr\/de\/wp-json\/wp\/v2\/types\/page"}],"author":[{"embeddable":true,"href":"https:\/\/www.novaly.fr\/de\/wp-json\/wp\/v2\/users\/5"}],"replies":[{"embeddable":true,"href":"https:\/\/www.novaly.fr\/de\/wp-json\/wp\/v2\/comments?post=330"}],"version-history":[{"count":8,"href":"https:\/\/www.novaly.fr\/de\/wp-json\/wp\/v2\/pages\/330\/revisions"}],"predecessor-version":[{"id":574,"href":"https:\/\/www.novaly.fr\/de\/wp-json\/wp\/v2\/pages\/330\/revisions\/574"}],"wp:attachment":[{"href":"https:\/\/www.novaly.fr\/de\/wp-json\/wp\/v2\/media?parent=330"}],"curies":[{"name":"wp","href":"https:\/\/api.w.org\/{rel}","templated":true}]}}