{"id":334,"date":"2017-10-24T16:24:08","date_gmt":"2017-10-24T14:24:08","guid":{"rendered":"https:\/\/www.novaly.fr\/novaly\/"},"modified":"2021-02-25T10:25:36","modified_gmt":"2021-02-25T09:25:36","slug":"novaly","status":"publish","type":"page","link":"https:\/\/www.novaly.fr\/de\/novaly\/","title":{"rendered":"Novaly"},"content":{"rendered":"<section class=\"l-section wpb_row height_medium\"><div class=\"l-section-h i-cf\"><div class=\"g-cols vc_row via_grid cols_3-1 laptops-cols_inherit tablets-cols_inherit mobiles-cols_1 valign_top type_default stacking_default\"><div class=\"wpb_column vc_column_container\"><div class=\"vc_column-inner\"><div class=\"wpb_text_column\"><div class=\"wpb_wrapper\"><h2 style=\"text-align: justify;\"><strong>Unsere Werte<\/strong><\/h2>\n<p><span style=\"font-weight: 400;\">Novaly ist ein Akteur, der <span style=\"color: #028cce;\"><strong>die Wiederverwertung der Kunststoffe<\/strong><\/span> unterst\u00fctzt. Jeder Mitglied unseres Teams hat eine langj\u00e4hrige Erfahrung im Recycling-Bereich. Wir sind <span style=\"color: #028cce;\"><strong>umweltbewusst<\/strong><\/span> und wollen die Umweltschutz aktiv f\u00f6rdern.<\/span><\/p>\n<h3 style=\"text-align: justify;\"><em>\u00ab Durch Wiederverwertung unsere gemeinsame Zukunft aufzubauen\u00a0\u00bb<\/em><\/h3>\n<h2 style=\"text-align: justify;\"><strong>Unsere Partnerschaften<\/strong><\/h2>\n<p><span style=\"font-weight: 400;\">Wir bieten Ihnen die beste L\u00f6sung an, um <span style=\"color: #028cce;\"><strong>Ihre Produktionsabf\u00e4lle und Ihre Verpackungen wiederzuverwerten<\/strong><\/span>.<\/span><\/p>\n<p><span style=\"font-weight: 400;\">Unsere Kenntnisse der Kunststoffe und <span style=\"color: #028cce;\"><strong>der national- und internationalen M\u00e4rkte<\/strong><\/span> erm\u00f6glichen uns, die Werkstoffe auf die geeigneten Branchen auszurichten.\u00a0\u00a0<\/span><\/p>\n<p><span style=\"font-weight: 400;\">Wir <span style=\"color: #028cce;\"><strong>arbeiten eng zusammen<\/strong><\/span> mit unseren Lieferanten und unseren Kunden: wir beraten und begleiten Sie so sehr wie m\u00f6glich.\u00a0<\/span><\/p>\n<p>Diese <span style=\"color: #028cce;\"><strong>Partnerschaft<\/strong> <\/span>ist eine grundlegende Verpflichtung f\u00fcr NOVALY.<\/p>\n<\/div><\/div><\/div><\/div><div class=\"wpb_column vc_column_container\"><div class=\"vc_column-inner\"><div class=\"w-image align_center\"><div class=\"w-image-h\"><img decoding=\"async\" width=\"350\" height=\"370\" src=\"https:\/\/www.novaly.fr\/wp-content\/uploads\/2017\/10\/NOVALY.png\" class=\"attachment-full size-full\" alt=\"\" loading=\"lazy\" srcset=\"https:\/\/www.novaly.fr\/wp-content\/uploads\/2017\/10\/NOVALY.png 350w, https:\/\/www.novaly.fr\/wp-content\/uploads\/2017\/10\/NOVALY-284x300.png 284w\" sizes=\"auto, (max-width: 350px) 100vw, 350px\" \/><\/div><\/div><div class=\"w-btn-wrapper align_center\"><a class=\"w-btn us-btn-style_3\" href=\"http:\/\/novaly.fr\/de\/kontakt\/\"><span class=\"w-btn-label\">Nehmen Sie Kontakt mit uns auf<\/span><\/a><\/div><\/div><\/div><\/div><\/div><\/section>\n","protected":false},"excerpt":{"rendered":"Unsere Werte Novaly ist ein Akteur, der die Wiederverwertung der Kunststoffe unterst\u00fctzt. Jeder Mitglied unseres Teams hat eine langj\u00e4hrige Erfahrung im Recycling-Bereich. Wir sind umweltbewusst und wollen die Umweltschutz aktiv f\u00f6rdern. \u00ab Durch Wiederverwertung unsere gemeinsame Zukunft aufzubauen\u00a0\u00bb Unsere Partnerschaften Wir bieten Ihnen die beste L\u00f6sung an, um Ihre Produktionsabf\u00e4lle und Ihre Verpackungen wiederzuverwerten. Unsere...","protected":false},"author":5,"featured_media":0,"parent":0,"menu_order":0,"comment_status":"closed","ping_status":"closed","template":"","meta":{"footnotes":""},"class_list":["post-334","page","type-page","status-publish","hentry"],"yoast_head":"<!-- This site is optimized with the Yoast SEO plugin v27.5 - https:\/\/yoast.com\/product\/yoast-seo-wordpress\/ -->\n<title>Novaly - Novaly<\/title>\n<meta name=\"robots\" content=\"index, follow, max-snippet:-1, max-image-preview:large, max-video-preview:-1\" \/>\n<link rel=\"canonical\" href=\"https:\/\/www.novaly.fr\/novaly\/\" \/>\n<meta property=\"og:locale\" content=\"de_DE\" \/>\n<meta property=\"og:type\" content=\"article\" \/>\n<meta property=\"og:title\" content=\"Novaly - Novaly\" \/>\n<meta property=\"og:url\" content=\"https:\/\/www.novaly.fr\/novaly\/\" \/>\n<meta property=\"og:site_name\" content=\"Novaly\" \/>\n<meta property=\"article:modified_time\" content=\"2021-02-25T09:25:36+00:00\" \/>\n<meta name=\"twitter:card\" content=\"summary_large_image\" \/>\n<meta name=\"twitter:label1\" content=\"Gesch\u00e4tzte Lesezeit\" \/>\n\t<meta name=\"twitter:data1\" content=\"1\u00a0Minute\" \/>\n<script type=\"application\/ld+json\" class=\"yoast-schema-graph\">{\"@context\":\"https:\\\/\\\/schema.org\",\"@graph\":[{\"@type\":\"WebPage\",\"@id\":\"https:\\\/\\\/www.novaly.fr\\\/novaly\\\/\",\"url\":\"https:\\\/\\\/www.novaly.fr\\\/novaly\\\/\",\"name\":\"Novaly - Novaly\",\"isPartOf\":{\"@id\":\"https:\\\/\\\/www.novaly.fr\\\/#website\"},\"datePublished\":\"2017-10-24T14:24:08+00:00\",\"dateModified\":\"2021-02-25T09:25:36+00:00\",\"breadcrumb\":{\"@id\":\"https:\\\/\\\/www.novaly.fr\\\/novaly\\\/#breadcrumb\"},\"inLanguage\":\"de\",\"potentialAction\":[{\"@type\":\"ReadAction\",\"target\":[\"https:\\\/\\\/www.novaly.fr\\\/novaly\\\/\"]}]},{\"@type\":\"BreadcrumbList\",\"@id\":\"https:\\\/\\\/www.novaly.fr\\\/novaly\\\/#breadcrumb\",\"itemListElement\":[{\"@type\":\"ListItem\",\"position\":1,\"name\":\"Accueil\",\"item\":\"https:\\\/\\\/www.novaly.fr\\\/de\\\/\"},{\"@type\":\"ListItem\",\"position\":2,\"name\":\"Novaly\"}]},{\"@type\":\"WebSite\",\"@id\":\"https:\\\/\\\/www.novaly.fr\\\/#website\",\"url\":\"https:\\\/\\\/www.novaly.fr\\\/\",\"name\":\"Novaly\",\"description\":\"Mati\u00e8res plastiques recycl\u00e9es\",\"potentialAction\":[{\"@type\":\"SearchAction\",\"target\":{\"@type\":\"EntryPoint\",\"urlTemplate\":\"https:\\\/\\\/www.novaly.fr\\\/?s={search_term_string}\"},\"query-input\":{\"@type\":\"PropertyValueSpecification\",\"valueRequired\":true,\"valueName\":\"search_term_string\"}}],\"inLanguage\":\"de\"}]}<\/script>\n<!-- \/ Yoast SEO plugin. -->","yoast_head_json":{"title":"Novaly - Novaly","robots":{"index":"index","follow":"follow","max-snippet":"max-snippet:-1","max-image-preview":"max-image-preview:large","max-video-preview":"max-video-preview:-1"},"canonical":"https:\/\/www.novaly.fr\/novaly\/","og_locale":"de_DE","og_type":"article","og_title":"Novaly - Novaly","og_url":"https:\/\/www.novaly.fr\/novaly\/","og_site_name":"Novaly","article_modified_time":"2021-02-25T09:25:36+00:00","twitter_card":"summary_large_image","twitter_misc":{"Gesch\u00e4tzte Lesezeit":"1\u00a0Minute"},"schema":{"@context":"https:\/\/schema.org","@graph":[{"@type":"WebPage","@id":"https:\/\/www.novaly.fr\/novaly\/","url":"https:\/\/www.novaly.fr\/novaly\/","name":"Novaly - Novaly","isPartOf":{"@id":"https:\/\/www.novaly.fr\/#website"},"datePublished":"2017-10-24T14:24:08+00:00","dateModified":"2021-02-25T09:25:36+00:00","breadcrumb":{"@id":"https:\/\/www.novaly.fr\/novaly\/#breadcrumb"},"inLanguage":"de","potentialAction":[{"@type":"ReadAction","target":["https:\/\/www.novaly.fr\/novaly\/"]}]},{"@type":"BreadcrumbList","@id":"https:\/\/www.novaly.fr\/novaly\/#breadcrumb","itemListElement":[{"@type":"ListItem","position":1,"name":"Accueil","item":"https:\/\/www.novaly.fr\/de\/"},{"@type":"ListItem","position":2,"name":"Novaly"}]},{"@type":"WebSite","@id":"https:\/\/www.novaly.fr\/#website","url":"https:\/\/www.novaly.fr\/","name":"Novaly","description":"Mati\u00e8res plastiques recycl\u00e9es","potentialAction":[{"@type":"SearchAction","target":{"@type":"EntryPoint","urlTemplate":"https:\/\/www.novaly.fr\/?s={search_term_string}"},"query-input":{"@type":"PropertyValueSpecification","valueRequired":true,"valueName":"search_term_string"}}],"inLanguage":"de"}]}},"_links":{"self":[{"href":"https:\/\/www.novaly.fr\/de\/wp-json\/wp\/v2\/pages\/334","targetHints":{"allow":["GET"]}}],"collection":[{"href":"https:\/\/www.novaly.fr\/de\/wp-json\/wp\/v2\/pages"}],"about":[{"href":"https:\/\/www.novaly.fr\/de\/wp-json\/wp\/v2\/types\/page"}],"author":[{"embeddable":true,"href":"https:\/\/www.novaly.fr\/de\/wp-json\/wp\/v2\/users\/5"}],"replies":[{"embeddable":true,"href":"https:\/\/www.novaly.fr\/de\/wp-json\/wp\/v2\/comments?post=334"}],"version-history":[{"count":10,"href":"https:\/\/www.novaly.fr\/de\/wp-json\/wp\/v2\/pages\/334\/revisions"}],"predecessor-version":[{"id":561,"href":"https:\/\/www.novaly.fr\/de\/wp-json\/wp\/v2\/pages\/334\/revisions\/561"}],"wp:attachment":[{"href":"https:\/\/www.novaly.fr\/de\/wp-json\/wp\/v2\/media?parent=334"}],"curies":[{"name":"wp","href":"https:\/\/api.w.org\/{rel}","templated":true}]}}