{"id":326,"date":"2017-10-24T16:27:27","date_gmt":"2017-10-24T14:27:27","guid":{"rendered":"https:\/\/www.novaly.fr\/mentions-legales\/"},"modified":"2019-07-04T16:28:44","modified_gmt":"2019-07-04T14:28:44","slug":"legal-notices","status":"publish","type":"page","link":"https:\/\/www.novaly.fr\/en\/legal-notices\/","title":{"rendered":"legal notices"},"content":{"rendered":"<section class=\"l-section wpb_row height_medium\"><div class=\"l-section-h i-cf\"><div class=\"g-cols vc_row via_grid cols_1 laptops-cols_inherit tablets-cols_inherit mobiles-cols_1 valign_top type_default stacking_default\"><div class=\"wpb_column vc_column_container\"><div class=\"vc_column-inner\"><div class=\"wpb_text_column\"><div class=\"wpb_wrapper\"><h2 style=\"text-align: justify;\"><b>COORDONN\u00c9ES<\/b><\/h2>\n<p style=\"text-align: justify;\">Conform\u00e9ment \u00e0 l\u2019article 6 de la Loi N\u00b02004-575 du 21 juin 2004 pour la confiance dans l\u2019\u00e9conomie num\u00e9rique (LCEN), sont mentionn\u00e9es aux utilisateurs du site Novaly\u00a0l\u2019identit\u00e9 des intervenants sur la r\u00e9alisation et le suivi du pr\u00e9sent site web :<\/p>\n<p style=\"text-align: justify;\">L&#8217;\u00e9diteur est une soci\u00e9t\u00e9, connue sous le nom commercial Agence GAP.<\/p>\n<p style=\"text-align: justify;\"><b>Adresse de l&#8217;\u00e9diteur :<\/b>\u00a01, rue Marie Curie \u2013 Atlanparc B\u00e2t. K \u2013 56890 Plescop<br \/>\n<b>Webmaster :<\/b>\u00a0ludovic[at]agence-gap.fr<br \/>\n<b>Responsable de la publication :<\/b>\u00a0J\u00e9r\u00f4me SEVERAN<br \/>\n<b>L\u2019h\u00e9bergeur est une personne morale :<\/b>\u00a0OVH<\/p>\n<h2 style=\"text-align: justify;\"><b>FONCTIONNEMENT ET CONTENU<\/b><\/h2>\n<p style=\"text-align: justify;\">Nous rappelons que le contenu du site Internet peut comporter des inexactitudes ou omissions, et que ce contenu est susceptible d\u2019\u00eatre modifi\u00e9 ou mis \u00e0 jour dans de brefs d\u00e9lais.<\/p>\n<p style=\"text-align: justify;\">Malgr\u00e9 tous les soins apport\u00e9s \u00e0 la r\u00e9alisation de ce site Internet et \u00e0 son actualisation r\u00e9guli\u00e8re, des erreurs peuvent s\u2019\u00eatre gliss\u00e9es dans les informations et\/ou documents pr\u00e9sent\u00e9s. Les utilisateurs du site Internet proc\u00e9deront donc \u00e0 toutes v\u00e9rifications utiles. Les informations disponibles dans ce site Internet sont fournies \u00e0 titre indicatif, et sont non contractuelles. A ce titre, Novaly ne saurait supporter aucune demande de d\u00e9dommagement pour pr\u00e9judice direct ou indirect subi par l\u2019internaute \u00e0 la suite de la consultation des informations contenues dans ce site Internet.<\/p>\n<h2 style=\"text-align: justify;\"><b>DROITS D\u2019AUTEUR \u2013 COPYRIGHTS<\/b><\/h2>\n<p style=\"text-align: justify;\">Toute reproduction ou repr\u00e9sentation int\u00e9grale ou partielle faite sans le consentement expr\u00e8s de la soci\u00e9t\u00e9 Novaly est illicite et constitue une contrefa\u00e7on sanctionn\u00e9e p\u00e9nalement. Toute reproduction autoris\u00e9e devra respecter les trois conditions suivantes : gratuit\u00e9 de la diffusion, respect de l\u2019int\u00e9grit\u00e9 des documents reproduits : pas de modification ni alt\u00e9ration d\u2019aucune sorte, et la mention source \u00ab Novaly\u00a0\u00bb claire et lisible \u2013 par exemple : \u00a0\u00bb Ce document provient du site Internet de Novaly. Les droits de reproduction sont r\u00e9serv\u00e9s et strictement limit\u00e9s. \u00ab<\/p>\n<h2 style=\"text-align: justify;\"><b>COOKIES<\/b><\/h2>\n<p style=\"text-align: justify;\">Un \u00ab\u00a0cookie\u00a0\u00bb permet l\u2019identification de l\u2019utilisateur, la personnalisation de sa consultation du site Novaly, et le chargement plus rapide des pages du site \u00e0 l\u2019aide d\u2019un chargement d\u2019un fichier de donn\u00e9es sur son ordinateur. L\u2019utilisateur reconna\u00eet \u00eatre inform\u00e9 de cette pratique et autorise Novaly \u00e0 proc\u00e9der ainsi. Sauf cas sp\u00e9cial de r\u00e9quisition l\u00e9gale, Novaly s\u2019engage \u00e0 ne jamais communiquer le contenu de ces cookies \u00e0 des tiers ou soci\u00e9t\u00e9s partenaires ou clientes. Tout utilisateur peut refuser l\u2019enregistrement de ces cookies ou configurer son navigateur au pr\u00e9alable qui l\u2019avertira.<\/p>\n<\/div><\/div><\/div><\/div><\/div><\/div><\/section>\n","protected":false},"excerpt":{"rendered":"COORDONN\u00c9ES Conform\u00e9ment \u00e0 l\u2019article 6 de la Loi N\u00b02004-575 du 21 juin 2004 pour la confiance dans l\u2019\u00e9conomie num\u00e9rique (LCEN), sont mentionn\u00e9es aux utilisateurs du site Novaly\u00a0l\u2019identit\u00e9 des intervenants sur la r\u00e9alisation et le suivi du pr\u00e9sent site web : L&#8217;\u00e9diteur est une soci\u00e9t\u00e9, connue sous le nom commercial Agence GAP. Adresse de l&#8217;\u00e9diteur :\u00a01,...","protected":false},"author":5,"featured_media":0,"parent":0,"menu_order":0,"comment_status":"closed","ping_status":"closed","template":"","meta":{"footnotes":""},"class_list":["post-326","page","type-page","status-publish","hentry"],"yoast_head":"<!-- This site is optimized with the Yoast SEO plugin v27.4 - https:\/\/yoast.com\/product\/yoast-seo-wordpress\/ -->\n<title>legal notices - Novaly<\/title>\n<meta name=\"robots\" content=\"index, follow, max-snippet:-1, max-image-preview:large, max-video-preview:-1\" \/>\n<link rel=\"canonical\" href=\"https:\/\/www.novaly.fr\/en\/legal-notices\/\" \/>\n<meta property=\"og:locale\" content=\"en_US\" \/>\n<meta property=\"og:type\" content=\"article\" \/>\n<meta property=\"og:title\" content=\"legal notices - Novaly\" \/>\n<meta property=\"og:url\" content=\"https:\/\/www.novaly.fr\/en\/legal-notices\/\" \/>\n<meta property=\"og:site_name\" content=\"Novaly\" \/>\n<meta property=\"article:modified_time\" content=\"2019-07-04T14:28:44+00:00\" \/>\n<meta name=\"twitter:card\" content=\"summary_large_image\" \/>\n<meta name=\"twitter:label1\" content=\"Est. reading time\" \/>\n\t<meta name=\"twitter:data1\" content=\"4 minutes\" \/>\n<script type=\"application\/ld+json\" class=\"yoast-schema-graph\">{\"@context\":\"https:\\\/\\\/schema.org\",\"@graph\":[{\"@type\":\"WebPage\",\"@id\":\"https:\\\/\\\/www.novaly.fr\\\/en\\\/legal-notices\\\/\",\"url\":\"https:\\\/\\\/www.novaly.fr\\\/en\\\/legal-notices\\\/\",\"name\":\"legal notices - Novaly\",\"isPartOf\":{\"@id\":\"https:\\\/\\\/www.novaly.fr\\\/#website\"},\"datePublished\":\"2017-10-24T14:27:27+00:00\",\"dateModified\":\"2019-07-04T14:28:44+00:00\",\"breadcrumb\":{\"@id\":\"https:\\\/\\\/www.novaly.fr\\\/en\\\/legal-notices\\\/#breadcrumb\"},\"inLanguage\":\"en-US\",\"potentialAction\":[{\"@type\":\"ReadAction\",\"target\":[\"https:\\\/\\\/www.novaly.fr\\\/en\\\/legal-notices\\\/\"]}]},{\"@type\":\"BreadcrumbList\",\"@id\":\"https:\\\/\\\/www.novaly.fr\\\/en\\\/legal-notices\\\/#breadcrumb\",\"itemListElement\":[{\"@type\":\"ListItem\",\"position\":1,\"name\":\"Accueil\",\"item\":\"https:\\\/\\\/www.novaly.fr\\\/en\\\/\"},{\"@type\":\"ListItem\",\"position\":2,\"name\":\"legal notices\"}]},{\"@type\":\"WebSite\",\"@id\":\"https:\\\/\\\/www.novaly.fr\\\/#website\",\"url\":\"https:\\\/\\\/www.novaly.fr\\\/\",\"name\":\"Novaly\",\"description\":\"Mati\u00e8res plastiques recycl\u00e9es\",\"potentialAction\":[{\"@type\":\"SearchAction\",\"target\":{\"@type\":\"EntryPoint\",\"urlTemplate\":\"https:\\\/\\\/www.novaly.fr\\\/?s={search_term_string}\"},\"query-input\":{\"@type\":\"PropertyValueSpecification\",\"valueRequired\":true,\"valueName\":\"search_term_string\"}}],\"inLanguage\":\"en-US\"}]}<\/script>\n<!-- \/ Yoast SEO plugin. -->","yoast_head_json":{"title":"legal notices - Novaly","robots":{"index":"index","follow":"follow","max-snippet":"max-snippet:-1","max-image-preview":"max-image-preview:large","max-video-preview":"max-video-preview:-1"},"canonical":"https:\/\/www.novaly.fr\/en\/legal-notices\/","og_locale":"en_US","og_type":"article","og_title":"legal notices - Novaly","og_url":"https:\/\/www.novaly.fr\/en\/legal-notices\/","og_site_name":"Novaly","article_modified_time":"2019-07-04T14:28:44+00:00","twitter_card":"summary_large_image","twitter_misc":{"Est. reading time":"4 minutes"},"schema":{"@context":"https:\/\/schema.org","@graph":[{"@type":"WebPage","@id":"https:\/\/www.novaly.fr\/en\/legal-notices\/","url":"https:\/\/www.novaly.fr\/en\/legal-notices\/","name":"legal notices - Novaly","isPartOf":{"@id":"https:\/\/www.novaly.fr\/#website"},"datePublished":"2017-10-24T14:27:27+00:00","dateModified":"2019-07-04T14:28:44+00:00","breadcrumb":{"@id":"https:\/\/www.novaly.fr\/en\/legal-notices\/#breadcrumb"},"inLanguage":"en-US","potentialAction":[{"@type":"ReadAction","target":["https:\/\/www.novaly.fr\/en\/legal-notices\/"]}]},{"@type":"BreadcrumbList","@id":"https:\/\/www.novaly.fr\/en\/legal-notices\/#breadcrumb","itemListElement":[{"@type":"ListItem","position":1,"name":"Accueil","item":"https:\/\/www.novaly.fr\/en\/"},{"@type":"ListItem","position":2,"name":"legal notices"}]},{"@type":"WebSite","@id":"https:\/\/www.novaly.fr\/#website","url":"https:\/\/www.novaly.fr\/","name":"Novaly","description":"Mati\u00e8res plastiques recycl\u00e9es","potentialAction":[{"@type":"SearchAction","target":{"@type":"EntryPoint","urlTemplate":"https:\/\/www.novaly.fr\/?s={search_term_string}"},"query-input":{"@type":"PropertyValueSpecification","valueRequired":true,"valueName":"search_term_string"}}],"inLanguage":"en-US"}]}},"_links":{"self":[{"href":"https:\/\/www.novaly.fr\/en\/wp-json\/wp\/v2\/pages\/326","targetHints":{"allow":["GET"]}}],"collection":[{"href":"https:\/\/www.novaly.fr\/en\/wp-json\/wp\/v2\/pages"}],"about":[{"href":"https:\/\/www.novaly.fr\/en\/wp-json\/wp\/v2\/types\/page"}],"author":[{"embeddable":true,"href":"https:\/\/www.novaly.fr\/en\/wp-json\/wp\/v2\/users\/5"}],"replies":[{"embeddable":true,"href":"https:\/\/www.novaly.fr\/en\/wp-json\/wp\/v2\/comments?post=326"}],"version-history":[{"count":4,"href":"https:\/\/www.novaly.fr\/en\/wp-json\/wp\/v2\/pages\/326\/revisions"}],"predecessor-version":[{"id":514,"href":"https:\/\/www.novaly.fr\/en\/wp-json\/wp\/v2\/pages\/326\/revisions\/514"}],"wp:attachment":[{"href":"https:\/\/www.novaly.fr\/en\/wp-json\/wp\/v2\/media?parent=326"}],"curies":[{"name":"wp","href":"https:\/\/api.w.org\/{rel}","templated":true}]}}